{"id":11,"date":"2024-04-14T00:23:13","date_gmt":"2024-04-13T22:23:13","guid":{"rendered":"https:\/\/allhandsteam.com\/?page_id=11"},"modified":"2025-03-26T20:14:33","modified_gmt":"2025-03-26T19:14:33","slug":"inicio","status":"publish","type":"page","link":"https:\/\/allhandsteam.com\/","title":{"rendered":"Inicio"},"content":{"rendered":"\t\t<div data-elementor-type=\"wp-page\" data-elementor-id=\"11\" class=\"elementor elementor-11\">\n\t\t\t\t<div class=\"elementor-element elementor-element-c8016a5 e-con-full e-flex elementor-invisible e-con e-parent\" data-id=\"c8016a5\" data-element_type=\"container\" data-e-type=\"container\" data-settings=\"{&quot;background_background&quot;:&quot;classic&quot;,&quot;animation&quot;:&quot;slideInDown&quot;}\">\n\t\t<div class=\"elementor-element elementor-element-0fa61bb e-flex e-con-boxed e-con e-child\" data-id=\"0fa61bb\" data-element_type=\"container\" data-e-type=\"container\">\n\t\t\t\t\t<div class=\"e-con-inner\">\n\t\t<div class=\"elementor-element elementor-element-547f391 e-con-full e-flex e-con e-child\" data-id=\"547f391\" data-element_type=\"container\" data-e-type=\"container\">\n\t\t\t\t<div class=\"elementor-element elementor-element-00f7148 elementor-widget elementor-widget-heading\" data-id=\"00f7148\" data-element_type=\"widget\" data-e-type=\"widget\" data-widget_type=\"heading.default\">\n\t\t\t\t<div class=\"elementor-widget-container\">\n\t\t\t\t\t<h1 class=\"elementor-heading-title elementor-size-default\">Trabajando juntos<\/h1>\t\t\t\t<\/div>\n\t\t\t\t<\/div>\n\t\t\t\t<div class=\"elementor-element elementor-element-5fb3d03 elementor-widget elementor-widget-heading\" data-id=\"5fb3d03\" data-element_type=\"widget\" data-e-type=\"widget\" data-widget_type=\"heading.default\">\n\t\t\t\t<div class=\"elementor-widget-container\">\n\t\t\t\t\t<h2 class=\"elementor-heading-title elementor-size-default\">por un objetivo com\u00fan<\/h2>\t\t\t\t<\/div>\n\t\t\t\t<\/div>\n\t\t\t\t<\/div>\n\t\t\t\t\t<\/div>\n\t\t\t\t<\/div>\n\t\t\t\t<\/div>\n\t\t<div class=\"elementor-element elementor-element-a0f56db e-flex e-con-boxed e-con e-parent\" data-id=\"a0f56db\" data-element_type=\"container\" data-e-type=\"container\">\n\t\t\t\t\t<div class=\"e-con-inner\">\n\t\t\t\t<div class=\"elementor-element elementor-element-add30d7 elementor-widget elementor-widget-image\" data-id=\"add30d7\" data-element_type=\"widget\" data-e-type=\"widget\" data-widget_type=\"image.default\">\n\t\t\t\t<div class=\"elementor-widget-container\">\n\t\t\t\t\t\t\t\t\t\t\t\t\t\t\t<img decoding=\"async\" width=\"300\" height=\"52\" src=\"https:\/\/allhandsteam.com\/wp-content\/uploads\/2025\/02\/cropped-AHT_Logo_GSMConsultorias_Logo2-02.png\" class=\"attachment-medium size-medium wp-image-301\" alt=\"Logotipo All Hands Team\" srcset=\"https:\/\/allhandsteam.com\/wp-content\/uploads\/2025\/02\/cropped-AHT_Logo_GSMConsultorias_Logo2-02-300x52.png 300w, https:\/\/allhandsteam.com\/wp-content\/uploads\/2025\/02\/cropped-AHT_Logo_GSMConsultorias_Logo2-02-1024x179.png 1024w, https:\/\/allhandsteam.com\/wp-content\/uploads\/2025\/02\/cropped-AHT_Logo_GSMConsultorias_Logo2-02-768x134.png 768w, https:\/\/allhandsteam.com\/wp-content\/uploads\/2025\/02\/cropped-AHT_Logo_GSMConsultorias_Logo2-02-1536x269.png 1536w, https:\/\/allhandsteam.com\/wp-content\/uploads\/2025\/02\/cropped-AHT_Logo_GSMConsultorias_Logo2-02-2048x358.png 2048w\" sizes=\"(max-width: 300px) 100vw, 300px\" \/>\t\t\t\t\t\t\t\t\t\t\t\t\t\t\t<\/div>\n\t\t\t\t<\/div>\n\t\t\t\t<div class=\"elementor-element elementor-element-22738d4 elementor-widget elementor-widget-text-editor\" data-id=\"22738d4\" data-element_type=\"widget\" data-e-type=\"widget\" data-widget_type=\"text-editor.default\">\n\t\t\t\t<div class=\"elementor-widget-container\">\n\t\t\t\t\t\t\t\t\t<p><strong>Nace con 2 objetivos principales:<\/strong><\/p><p>Crear proyectos que involucre el modelo de econom\u00eda colaborativa.<\/p><p>Desarrollar proyectos, productos, servicios y procesos que ayuden a nuestros\u00a0 clientes\u00a0 externos e internos a buscar la excelencia.<\/p><p>Desarrolle su portafolio de servicios que ayudan a la mejora continua de nuestros clientes apoy\u00e1ndolos en el camino a la excelencia, compartiendo a la vez el talento humano y herramientas\u00a0 tecnol\u00f3gicas.<\/p>\t\t\t\t\t\t\t\t<\/div>\n\t\t\t\t<\/div>\n\t\t\t\t\t<\/div>\n\t\t\t\t<\/div>\n\t\t<div class=\"elementor-element elementor-element-fa342cf e-grid e-con-boxed elementor-invisible e-con e-parent\" data-id=\"fa342cf\" data-element_type=\"container\" data-e-type=\"container\" data-settings=\"{&quot;animation&quot;:&quot;fadeIn&quot;,&quot;background_background&quot;:&quot;classic&quot;}\">\n\t\t\t\t\t<div class=\"e-con-inner\">\n\t\t\t\t<div class=\"elementor-element elementor-element-9bbb077 elementor-invisible elementor-widget elementor-widget-heading\" data-id=\"9bbb077\" data-element_type=\"widget\" data-e-type=\"widget\" data-settings=\"{&quot;_animation&quot;:&quot;slideInLeft&quot;}\" data-widget_type=\"heading.default\">\n\t\t\t\t<div class=\"elementor-widget-container\">\n\t\t\t\t\t<h2 class=\"elementor-heading-title elementor-size-default\">AUDITOR\u00cdA<\/h2>\t\t\t\t<\/div>\n\t\t\t\t<\/div>\n\t\t\t\t<div class=\"elementor-element elementor-element-8cf3eb2 elementor-invisible elementor-widget elementor-widget-text-editor\" data-id=\"8cf3eb2\" data-element_type=\"widget\" data-e-type=\"widget\" data-settings=\"{&quot;_animation&quot;:&quot;slideInRight&quot;}\" data-widget_type=\"text-editor.default\">\n\t\t\t\t<div class=\"elementor-widget-container\">\n\t\t\t\t\t\t\t\t\t<p><i class=\"fas fa-check-circle\"><\/i> <b>Auditoria de Costos<\/b><\/p>\n\n<p><i class=\"fas fa-check-circle\"><\/i> <b>Auditoria de caja<\/b><\/p>\n\n<p><i class=\"fas fa-check-circle\"><\/i> <b>Auditoria de inventario<\/b><\/p>\n\n<p><i class=\"fas fa-check-circle\"><\/i> <b>Auditoria de servicio y protocolos<\/b><\/p>\n\n<p>Este servicio inicia con la definici\u00f3n de una estrategia alineada con los objetivos de la organizaci\u00f3n y se desarrolla a trav\u00e9s de la captura y an\u00e1lisis de informaci\u00f3n de los aplicativos y\/o plataformas externas de nuestros\u00a0 clientes, con supervisi\u00f3n apoyado en c\u00e1maras si aplica.<\/p>\n\n<p>La informaci\u00f3n analizada se presenta peri\u00f3dicamente a la gerencia a trav\u00e9s de indicadores de gesti\u00f3n con correctivos sugeridos y\/o oportunidades de mejora si aplica.<\/p>\n\n<p>Con este modelo de auditoria se asegura <b><i>la objetividad<\/i><\/b>\n\nPilar de una verdadera auditoria.<\/p>\t\t\t\t\t\t\t\t<\/div>\n\t\t\t\t<\/div>\n\t\t\t\t\t<\/div>\n\t\t\t\t<\/div>\n\t\t<div class=\"elementor-element elementor-element-a77f472 e-grid e-con-boxed elementor-invisible e-con e-parent\" data-id=\"a77f472\" data-element_type=\"container\" data-e-type=\"container\" data-settings=\"{&quot;animation&quot;:&quot;fadeIn&quot;,&quot;background_background&quot;:&quot;classic&quot;}\">\n\t\t\t\t\t<div class=\"e-con-inner\">\n\t\t\t\t<div class=\"elementor-element elementor-element-c52f393 elementor-invisible elementor-widget elementor-widget-text-editor\" data-id=\"c52f393\" data-element_type=\"widget\" data-e-type=\"widget\" data-settings=\"{&quot;_animation&quot;:&quot;slideInRight&quot;}\" data-widget_type=\"text-editor.default\">\n\t\t\t\t<div class=\"elementor-widget-container\">\n\t\t\t\t\t\t\t\t\t<p><i class=\"fas fa-check-circle\"><\/i>\u00a0<strong>Consultor\u00eda gerencial<\/strong><\/p><p><i class=\"fas fa-check-circle\"><\/i><b>\u00a0Creaciones de Dashboard<\/b><\/p><p><i class=\"fas fa-check-circle\"><\/i>\u00a0<strong>Seguimiento y mantenimiento<\/strong><\/p><p>Este servicio es lo que se define como una soluci\u00f3n llave en mano, inicia con una consultor\u00eda de nivel gerencial para la gesti\u00f3n de los indicadores estrat\u00e9gicos, pudiendo ser generales y\/o por \u00e1reas una vez definidos se extrae y organiza la informaci\u00f3n para luego ser analizada y presentada por medio de herramientas como\u00a0 <em><strong>Ppivot de Excel<\/strong><\/em> o <em><strong>PBI<\/strong><\/em> para ser divulgados. Adicionalmente y como valor agregado es contar con la consultor\u00eda no solo al inicio si no peri\u00f3dicamente, donde la gesti\u00f3n de los indicadores se vuelve din\u00e1mica y de relevancia para la organizaci\u00f3n<\/p>\t\t\t\t\t\t\t\t<\/div>\n\t\t\t\t<\/div>\n\t\t\t\t<div class=\"elementor-element elementor-element-ff4fce5 elementor-invisible elementor-widget elementor-widget-heading\" data-id=\"ff4fce5\" data-element_type=\"widget\" data-e-type=\"widget\" data-settings=\"{&quot;_animation&quot;:&quot;slideInLeft&quot;}\" data-widget_type=\"heading.default\">\n\t\t\t\t<div class=\"elementor-widget-container\">\n\t\t\t\t\t<h2 class=\"elementor-heading-title elementor-size-default\">ESTRAT\u00c9GIA EN INNOVACI\u00d3N<\/h2>\t\t\t\t<\/div>\n\t\t\t\t<\/div>\n\t\t\t\t\t<\/div>\n\t\t\t\t<\/div>\n\t\t<div class=\"elementor-element elementor-element-79aaba7 e-grid e-con-boxed elementor-invisible e-con e-parent\" data-id=\"79aaba7\" data-element_type=\"container\" data-e-type=\"container\" data-settings=\"{&quot;animation&quot;:&quot;fadeIn&quot;,&quot;background_background&quot;:&quot;classic&quot;}\">\n\t\t\t\t\t<div class=\"e-con-inner\">\n\t\t\t\t<div class=\"elementor-element elementor-element-8440106 elementor-invisible elementor-widget elementor-widget-heading\" data-id=\"8440106\" data-element_type=\"widget\" data-e-type=\"widget\" data-settings=\"{&quot;_animation&quot;:&quot;slideInLeft&quot;}\" data-widget_type=\"heading.default\">\n\t\t\t\t<div class=\"elementor-widget-container\">\n\t\t\t\t\t<h2 class=\"elementor-heading-title elementor-size-default\">COMUNICACI\u00d3N CLIENTES<\/h2>\t\t\t\t<\/div>\n\t\t\t\t<\/div>\n\t\t\t\t<div class=\"elementor-element elementor-element-61b2a33 elementor-invisible elementor-widget elementor-widget-text-editor\" data-id=\"61b2a33\" data-element_type=\"widget\" data-e-type=\"widget\" data-settings=\"{&quot;_animation&quot;:&quot;slideInRight&quot;}\" data-widget_type=\"text-editor.default\">\n\t\t\t\t<div class=\"elementor-widget-container\">\n\t\t\t\t\t\t\t\t\t<p><i class=\"fas fa-check-circle\"><\/i> <b>Definici\u00f3n de protocolos de atenci\u00f3n y seguimiento<br \/><\/b><\/p><p><i class=\"fas fa-check-circle\"><\/i><strong>Comunicaci\u00f3n para manejo de PQRS de los clientes por medios diferentes al telef\u00f3nico<\/strong><\/p><p><i class=\"fas fa-check-circle\"><\/i><strong>\u00a0Seguimiento aleatorio a los clientes<\/strong><\/p><p>Nuestra mesa de ayuda realiza la comunicaci\u00f3n con los clientes siguiendo cuidadosamente los protocolos previamente definidos en la consultor\u00eda inicial\u00a0 y capturando toda la informaci\u00f3n necesaria para que esta labor se convierta realmente en oportunidades de mejoras para nuestros clientes.<\/p><p>Es importante tener en cuenta que no somos un call center, por esta raz\u00f3n la comunicaci\u00f3n se realiza por WhatsApp o mail.<\/p>\t\t\t\t\t\t\t\t<\/div>\n\t\t\t\t<\/div>\n\t\t\t\t\t<\/div>\n\t\t\t\t<\/div>\n\t\t<div class=\"elementor-element elementor-element-c6a72dd e-grid e-con-boxed elementor-invisible e-con e-parent\" data-id=\"c6a72dd\" data-element_type=\"container\" data-e-type=\"container\" data-settings=\"{&quot;animation&quot;:&quot;fadeIn&quot;,&quot;background_background&quot;:&quot;classic&quot;}\">\n\t\t\t\t\t<div class=\"e-con-inner\">\n\t\t\t\t<div class=\"elementor-element elementor-element-a63e932 elementor-invisible elementor-widget elementor-widget-text-editor\" data-id=\"a63e932\" data-element_type=\"widget\" data-e-type=\"widget\" data-settings=\"{&quot;_animation&quot;:&quot;slideInRight&quot;}\" data-widget_type=\"text-editor.default\">\n\t\t\t\t<div class=\"elementor-widget-container\">\n\t\t\t\t\t\t\t\t\t<p><i class=\"fas fa-check-circle\"><\/i>\u00a0<strong>Estructuraci\u00f3n de cursos para capacitaci\u00f3n interna<br \/><\/strong><\/p><p><i class=\"fas fa-check-circle\"><\/i><b>\u00a0Creaci\u00f3n de videos de capacitaci\u00f3n<br \/><\/b><\/p><p><i class=\"fas fa-check-circle\"><\/i>\u00a0<strong>Evaluaciones de personal<br \/><\/strong><\/p><p><i class=\"fas fa-check-circle\"><\/i>\u00a0<strong>Recopilaci\u00f3n de lecciones aprendidas para retroalimentaci\u00f3n<\/strong><\/p><p>El camino a la excelencia no se logra si no se cuenta con personal capacitado y comprometido con la organizaci\u00f3n. Por esto contamos con una plataforma que nos permite desarrollar un campus virtual a nuestros clientes, con cursos, evaluaciones, retroalimentaciones y con apoyo de nuestra mesa de ayuda si es necesario, para motivar a quienes no son autodidactas.<\/p><p>La creaci\u00f3n de material puede ser b\u00e1sico o profesional, este \u00faltimo con nuestro aliado especializado en medios audiovisuales.<\/p>\t\t\t\t\t\t\t\t<\/div>\n\t\t\t\t<\/div>\n\t\t\t\t<div class=\"elementor-element elementor-element-9e767ff elementor-invisible elementor-widget elementor-widget-heading\" data-id=\"9e767ff\" data-element_type=\"widget\" data-e-type=\"widget\" data-settings=\"{&quot;_animation&quot;:&quot;slideInLeft&quot;}\" data-widget_type=\"heading.default\">\n\t\t\t\t<div class=\"elementor-widget-container\">\n\t\t\t\t\t<h2 class=\"elementor-heading-title elementor-size-default\">CAPACITACI\u00d3N<\/h2>\t\t\t\t<\/div>\n\t\t\t\t<\/div>\n\t\t\t\t\t<\/div>\n\t\t\t\t<\/div>\n\t\t<div class=\"elementor-element elementor-element-d7aa68a e-flex e-con-boxed e-con e-parent\" data-id=\"d7aa68a\" data-element_type=\"container\" data-e-type=\"container\" data-settings=\"{&quot;background_background&quot;:&quot;classic&quot;}\">\n\t\t\t\t\t<div class=\"e-con-inner\">\n\t\t\t\t<div class=\"elementor-element elementor-element-5707c88 elementor-widget elementor-widget-heading\" data-id=\"5707c88\" data-element_type=\"widget\" data-e-type=\"widget\" data-widget_type=\"heading.default\">\n\t\t\t\t<div class=\"elementor-widget-container\">\n\t\t\t\t\t<h2 class=\"elementor-heading-title elementor-size-default\">ALL HANDS TEAM TODOS LOS DERECHOS RESERVADOS<\/h2>\t\t\t\t<\/div>\n\t\t\t\t<\/div>\n\t\t\t\t\t<\/div>\n\t\t\t\t<\/div>\n\t\t\t\t<\/div>\n\t\t","protected":false},"excerpt":{"rendered":"<p>Trabajando juntos por un objetivo com\u00fan Nace con 2 objetivos principales: Crear proyectos que involucre el modelo de econom\u00eda colaborativa. [&hellip;]<\/p>\n","protected":false},"author":1,"featured_media":0,"parent":0,"menu_order":0,"comment_status":"closed","ping_status":"closed","template":"","meta":{"site-sidebar-layout":"no-sidebar","site-content-layout":"plain-container","ast-site-content-layout":"default","site-content-style":"default","site-sidebar-style":"default","ast-global-header-display":"","ast-banner-title-visibility":"","ast-main-header-display":"","ast-hfb-above-header-display":"","ast-hfb-below-header-display":"","ast-hfb-mobile-header-display":"","site-post-title":"disabled","ast-breadcrumbs-content":"","ast-featured-img":"","footer-sml-layout":"","ast-disable-related-posts":"","theme-transparent-header-meta":"enabled","adv-header-id-meta":"","stick-header-meta":"","header-above-stick-meta":"","header-main-stick-meta":"","header-below-stick-meta":"","astra-migrate-meta-layouts":"default","ast-page-background-enabled":"default","ast-page-background-meta":{"desktop":{"background-color":"var(--ast-global-color-4)","background-image":"","background-repeat":"repeat","background-position":"center center","background-size":"auto","background-attachment":"scroll","background-type":"","background-media":"","overlay-type":"","overlay-color":"","overlay-opacity":"","overlay-gradient":""},"tablet":{"background-color":"","background-image":"","background-repeat":"repeat","background-position":"center center","background-size":"auto","background-attachment":"scroll","background-type":"","background-media":"","overlay-type":"","overlay-color":"","overlay-opacity":"","overlay-gradient":""},"mobile":{"background-color":"","background-image":"","background-repeat":"repeat","background-position":"center center","background-size":"auto","background-attachment":"scroll","background-type":"","background-media":"","overlay-type":"","overlay-color":"","overlay-opacity":"","overlay-gradient":""}},"ast-content-background-meta":{"desktop":{"background-color":"var(--ast-global-color-5)","background-image":"","background-repeat":"repeat","background-position":"center center","background-size":"auto","background-attachment":"scroll","background-type":"","background-media":"","overlay-type":"","overlay-color":"","overlay-opacity":"","overlay-gradient":""},"tablet":{"background-color":"var(--ast-global-color-5)","background-image":"","background-repeat":"repeat","background-position":"center center","background-size":"auto","background-attachment":"scroll","background-type":"","background-media":"","overlay-type":"","overlay-color":"","overlay-opacity":"","overlay-gradient":""},"mobile":{"background-color":"var(--ast-global-color-5)","background-image":"","background-repeat":"repeat","background-position":"center center","background-size":"auto","background-attachment":"scroll","background-type":"","background-media":"","overlay-type":"","overlay-color":"","overlay-opacity":"","overlay-gradient":""}},"footnotes":""},"class_list":["post-11","page","type-page","status-publish","hentry"],"_links":{"self":[{"href":"https:\/\/allhandsteam.com\/index.php\/wp-json\/wp\/v2\/pages\/11","targetHints":{"allow":["GET"]}}],"collection":[{"href":"https:\/\/allhandsteam.com\/index.php\/wp-json\/wp\/v2\/pages"}],"about":[{"href":"https:\/\/allhandsteam.com\/index.php\/wp-json\/wp\/v2\/types\/page"}],"author":[{"embeddable":true,"href":"https:\/\/allhandsteam.com\/index.php\/wp-json\/wp\/v2\/users\/1"}],"replies":[{"embeddable":true,"href":"https:\/\/allhandsteam.com\/index.php\/wp-json\/wp\/v2\/comments?post=11"}],"version-history":[{"count":219,"href":"https:\/\/allhandsteam.com\/index.php\/wp-json\/wp\/v2\/pages\/11\/revisions"}],"predecessor-version":[{"id":345,"href":"https:\/\/allhandsteam.com\/index.php\/wp-json\/wp\/v2\/pages\/11\/revisions\/345"}],"wp:attachment":[{"href":"https:\/\/allhandsteam.com\/index.php\/wp-json\/wp\/v2\/media?parent=11"}],"curies":[{"name":"wp","href":"https:\/\/api.w.org\/{rel}","templated":true}]}}